{"id":2333,"date":"2025-02-13T15:33:52","date_gmt":"2025-02-13T14:33:52","guid":{"rendered":"https:\/\/www.criadores.es\/producto\/criadores-tiras-de-frango-para-caes\/"},"modified":"2025-06-11T15:10:00","modified_gmt":"2025-06-11T13:10:00","slug":"criadores-tiras-de-frango-para-caes","status":"publish","type":"product","link":"https:\/\/dev.criadores.es\/pt-pt\/producto\/criadores-tiras-de-frango-para-caes\/","title":{"rendered":"Criadores Tiras de Frango para c\u00e3es"},"content":{"rendered":"<h2>Tiras de frango para c\u00e3es<\/h2>\n<p>A Criadores traz para o seu fiel companheiro de quatro patas este delicioso <strong>snack de tiras de frango para c\u00e3es adultos<\/strong>, natural, sem cereais ou corantes ou a\u00e7\u00facares adicionados.<\/p>\n<p>Estes snacks s\u00e3o feitos de carne de frango desidratada, que \u00e9 uma fonte de prote\u00edna altamente diger\u00edvel e de excelente sabor, para al\u00e9m de ser uma fonte de amino\u00e1cidos essenciais.<\/p>\n<p>Devido \u00e0 sua textura crocante e ao seu delicioso sabor, o seu c\u00e3o vai ador\u00e1-los!<\/p>\n<p>S\u00e3o ideais para oferecer como um simples mimo, um est\u00edmulo durante os passeios, brincadeiras ou sess\u00f5es de treino, sem esquecer que <strong>n\u00e3o substituem a alimenta\u00e7\u00e3o normal<\/strong>.<\/p>\n<p><em><strong><br \/>\nMime o seu fiel companheiro com estes deliciosos snacks que s\u00e3o tamb\u00e9m saud\u00e1veis e naturais.<\/strong><\/em><\/p>\n","protected":false},"excerpt":{"rendered":"<p>Snack de tiras de frango para c\u00e3es, feito com ingredientes naturais e sem aditivos artificiais. S\u00e3o ricas em frango e ideais para oferecer como petisco.<\/p>\n","protected":false},"featured_media":1931,"comment_status":"open","ping_status":"closed","template":"","meta":{"_acf_changed":false},"product_brand":[],"product_cat":[92,98,101],"product_tag":[],"class_list":{"0":"post-2333","1":"product","2":"type-product","3":"status-publish","4":"has-post-thumbnail","6":"product_cat-cao","7":"product_cat-original-pt-pt","8":"product_cat-snacks-pt-pt","10":"first","11":"instock","12":"shipping-taxable","13":"product-type-simple"},"acf":[],"_links":{"self":[{"href":"https:\/\/dev.criadores.es\/pt-pt\/wp-json\/wp\/v2\/product\/2333","targetHints":{"allow":["GET"]}}],"collection":[{"href":"https:\/\/dev.criadores.es\/pt-pt\/wp-json\/wp\/v2\/product"}],"about":[{"href":"https:\/\/dev.criadores.es\/pt-pt\/wp-json\/wp\/v2\/types\/product"}],"replies":[{"embeddable":true,"href":"https:\/\/dev.criadores.es\/pt-pt\/wp-json\/wp\/v2\/comments?post=2333"}],"wp:featuredmedia":[{"embeddable":true,"href":"https:\/\/dev.criadores.es\/pt-pt\/wp-json\/wp\/v2\/media\/1931"}],"wp:attachment":[{"href":"https:\/\/dev.criadores.es\/pt-pt\/wp-json\/wp\/v2\/media?parent=2333"}],"wp:term":[{"taxonomy":"product_brand","embeddable":true,"href":"https:\/\/dev.criadores.es\/pt-pt\/wp-json\/wp\/v2\/product_brand?post=2333"},{"taxonomy":"product_cat","embeddable":true,"href":"https:\/\/dev.criadores.es\/pt-pt\/wp-json\/wp\/v2\/product_cat?post=2333"},{"taxonomy":"product_tag","embeddable":true,"href":"https:\/\/dev.criadores.es\/pt-pt\/wp-json\/wp\/v2\/product_tag?post=2333"}],"curies":[{"name":"wp","href":"https:\/\/api.w.org\/{rel}","templated":true}]}}