{"id":2444,"date":"2025-02-13T12:54:37","date_gmt":"2025-02-13T11:54:37","guid":{"rendered":"https:\/\/www.criadores.es\/producto\/criadores-tiras-de-frango-e-peixe-para-caes\/"},"modified":"2025-06-11T15:30:30","modified_gmt":"2025-06-11T13:30:30","slug":"criadores-tiras-de-frango-e-peixe-para-caes","status":"publish","type":"product","link":"https:\/\/dev.criadores.es\/pt-pt\/producto\/criadores-tiras-de-frango-e-peixe-para-caes\/","title":{"rendered":"Criadores Tiras de Frango e Peixe para c\u00e3es"},"content":{"rendered":"<h2>Tiras de frango e peixe para c\u00e3es<\/h2>\n<p>Na Criadores s\u00e3o especialistas em mimar o seu animal de estima\u00e7\u00e3o com alimentos nutritivos e saud\u00e1veis para todas as ocasi\u00f5es, por isso estas <strong>tiras de frango e peixe para c\u00e3es<\/strong> s\u00e3o um snack que n\u00e3o s\u00f3 manter\u00e1 o seu animal de estima\u00e7\u00e3o entretido, como tamb\u00e9m ser\u00e1 o complemento ideal para a sua dieta.<\/p>\n<p>S\u00e3o guloseimas <strong>crocantes<\/strong> que s\u00e3o <strong>f\u00e1ceis de digerir e mastigar<\/strong>, al\u00e9m de <strong>limparem os dentes e as gengivas<\/strong> para evitar a forma\u00e7\u00e3o de t\u00e1rtaro e placa bacteriana. S\u00e3o uma boa fonte de prote\u00ednas e t\u00eam baixo teor de gordura, pelo que <strong>beneficiam a sa\u00fade da pele e do pelo<\/strong> e ajudam a <strong>fortalecer o sistema imunit\u00e1rio<\/strong>.<\/p>\n<p>N\u00e3o cont\u00eam corantes artificiais e podem ser dados ao seu c\u00e3o como um petisco entre as refei\u00e7\u00f5es principais ou como recompensa durante o treino. <strong>Lembre-se de que n\u00e3o s\u00e3o um substituto da ra\u00e7\u00e3o<\/strong> e que deve ter sempre \u00e1gua limpa e fresca \u00e0 disposi\u00e7\u00e3o do seu c\u00e3o.<\/p>\n<p>&nbsp;<\/p>\n<p><em><strong>Estas tiras de frango e peixe da Criadores s\u00e3o um complemento ideal para a dieta do seu c\u00e3o, proporcionando uma textura apelativa, um sabor delicioso e os nutrientes necess\u00e1rios para o seu bem-estar geral.<\/strong><\/em><\/p>\n","protected":false},"excerpt":{"rendered":"<p>As tiras de frango e peixe para c\u00e3es s\u00e3o crocantes e ajudam a limpar os dentes e as gengivas, s\u00e3o ricas em prote\u00ednas e possuem baixo teor de gordura, s\u00e3o ideais para oferecer como recompensa ou mimo entre as refei\u00e7\u00f5es principais e s\u00e3o f\u00e1ceis de digerir.<\/p>\n","protected":false},"featured_media":1895,"comment_status":"open","ping_status":"closed","template":"","meta":{"_acf_changed":false},"product_brand":[],"product_cat":[92,98,101],"product_tag":[],"class_list":{"0":"post-2444","1":"product","2":"type-product","3":"status-publish","4":"has-post-thumbnail","6":"product_cat-cao","7":"product_cat-original-pt-pt","8":"product_cat-snacks-pt-pt","10":"first","11":"instock","12":"shipping-taxable","13":"product-type-simple"},"acf":[],"_links":{"self":[{"href":"https:\/\/dev.criadores.es\/pt-pt\/wp-json\/wp\/v2\/product\/2444","targetHints":{"allow":["GET"]}}],"collection":[{"href":"https:\/\/dev.criadores.es\/pt-pt\/wp-json\/wp\/v2\/product"}],"about":[{"href":"https:\/\/dev.criadores.es\/pt-pt\/wp-json\/wp\/v2\/types\/product"}],"replies":[{"embeddable":true,"href":"https:\/\/dev.criadores.es\/pt-pt\/wp-json\/wp\/v2\/comments?post=2444"}],"wp:featuredmedia":[{"embeddable":true,"href":"https:\/\/dev.criadores.es\/pt-pt\/wp-json\/wp\/v2\/media\/1895"}],"wp:attachment":[{"href":"https:\/\/dev.criadores.es\/pt-pt\/wp-json\/wp\/v2\/media?parent=2444"}],"wp:term":[{"taxonomy":"product_brand","embeddable":true,"href":"https:\/\/dev.criadores.es\/pt-pt\/wp-json\/wp\/v2\/product_brand?post=2444"},{"taxonomy":"product_cat","embeddable":true,"href":"https:\/\/dev.criadores.es\/pt-pt\/wp-json\/wp\/v2\/product_cat?post=2444"},{"taxonomy":"product_tag","embeddable":true,"href":"https:\/\/dev.criadores.es\/pt-pt\/wp-json\/wp\/v2\/product_tag?post=2444"}],"curies":[{"name":"wp","href":"https:\/\/api.w.org\/{rel}","templated":true}]}}