{"id":2456,"date":"2025-02-13T14:58:00","date_gmt":"2025-02-13T13:58:00","guid":{"rendered":"https:\/\/www.criadores.es\/producto\/criadores-sushi-de-frango-e-peixe-para-caes\/"},"modified":"2025-06-12T11:40:25","modified_gmt":"2025-06-12T09:40:25","slug":"criadores-sushi-de-frango-e-peixe-para-caes","status":"publish","type":"product","link":"https:\/\/dev.criadores.es\/pt-pt\/producto\/criadores-sushi-de-frango-e-peixe-para-caes\/","title":{"rendered":"Criadores Sushi de Frango e Peixe para c\u00e3es"},"content":{"rendered":"<h2>Rolinhos de sushi para c\u00e3es<\/h2>\n<p>Se procura um <strong>petisco diferente, delicioso e saud\u00e1vel<\/strong> para o seu animal de estima\u00e7\u00e3o, estes <strong>rolinhos de sushi para c\u00e3es de todas as idades<\/strong> formulados pela Criadores podem ser uma \u00f3tima op\u00e7\u00e3o. Trata-se de uma guloseima <strong>rica em prote\u00ednas de frango e peixe, com muito baixo teor de gordura<\/strong> e que proporciona amplos benef\u00edcios para a sa\u00fade do seu amigo peludo.<\/p>\n<p>S\u00e3o elaborados com ingredientes naturais, <strong>sem corantes artificiais<\/strong>, com vitaminas e minerais, que ajudam a manter o animal entretido enquanto os come e a cuidar do seu peso corporal. <strong>Mant\u00eam a pele macia e hidratad<\/strong>a, enquanto o <strong>pelo fica mais forte e brilhante<\/strong>, mas tamb\u00e9m <strong>promovem uma boa digest\u00e3o<\/strong> e <strong>refor\u00e7am o sistema imunit\u00e1rio<\/strong>.<\/p>\n<p>Gra\u00e7as \u00e0 sua <strong>textura estimulante<\/strong>, proporcionam ao animal uma <strong>limpeza mec\u00e2nica dos dentes e das gengivas<\/strong>, o que reduz a forma\u00e7\u00e3o de t\u00e1rtaro e placa bacteriana. Mesmo assim, s\u00e3o muito <strong>f\u00e1ceis de mastigar e digerir<\/strong> e s\u00e3o ideais para oferecer ao seu c\u00e3o como um petisco entre as principais refei\u00e7\u00f5es ou como uma recompensa durante o treino. Lembre-se que n\u00e3o substituem a ra\u00e7\u00e3o e que deve ter sempre \u00e1gua limpa e fresca \u00e0 disposi\u00e7\u00e3o do seu c\u00e3o.<\/p>\n<p>&nbsp;<\/p>\n<p><em><strong>Este snack de sushi \u00e9 um petisco divertido, delicioso e diferente que o seu c\u00e3o vai adorar desde a primeira dentada.<\/strong><\/em><\/p>\n","protected":false},"excerpt":{"rendered":"<p>Os snacks de sushi de frango e peixe para c\u00e3es s\u00e3o ricos em prote\u00ednas de frango e peixe, com baixo teor de gordura e ajudam a limpar os dentes e as gengivas, beneficiam a sa\u00fade da pele e do pelo, mant\u00eam o seu animal de estima\u00e7\u00e3o entretido e s\u00e3o f\u00e1ceis de digerir.<\/p>\n","protected":false},"featured_media":1919,"comment_status":"open","ping_status":"closed","template":"","meta":{"_acf_changed":false},"product_brand":[],"product_cat":[92,98,101],"product_tag":[],"class_list":{"0":"post-2456","1":"product","2":"type-product","3":"status-publish","4":"has-post-thumbnail","6":"product_cat-cao","7":"product_cat-original-pt-pt","8":"product_cat-snacks-pt-pt","10":"first","11":"instock","12":"shipping-taxable","13":"product-type-simple"},"acf":[],"_links":{"self":[{"href":"https:\/\/dev.criadores.es\/pt-pt\/wp-json\/wp\/v2\/product\/2456","targetHints":{"allow":["GET"]}}],"collection":[{"href":"https:\/\/dev.criadores.es\/pt-pt\/wp-json\/wp\/v2\/product"}],"about":[{"href":"https:\/\/dev.criadores.es\/pt-pt\/wp-json\/wp\/v2\/types\/product"}],"replies":[{"embeddable":true,"href":"https:\/\/dev.criadores.es\/pt-pt\/wp-json\/wp\/v2\/comments?post=2456"}],"wp:featuredmedia":[{"embeddable":true,"href":"https:\/\/dev.criadores.es\/pt-pt\/wp-json\/wp\/v2\/media\/1919"}],"wp:attachment":[{"href":"https:\/\/dev.criadores.es\/pt-pt\/wp-json\/wp\/v2\/media?parent=2456"}],"wp:term":[{"taxonomy":"product_brand","embeddable":true,"href":"https:\/\/dev.criadores.es\/pt-pt\/wp-json\/wp\/v2\/product_brand?post=2456"},{"taxonomy":"product_cat","embeddable":true,"href":"https:\/\/dev.criadores.es\/pt-pt\/wp-json\/wp\/v2\/product_cat?post=2456"},{"taxonomy":"product_tag","embeddable":true,"href":"https:\/\/dev.criadores.es\/pt-pt\/wp-json\/wp\/v2\/product_tag?post=2456"}],"curies":[{"name":"wp","href":"https:\/\/api.w.org\/{rel}","templated":true}]}}