{"id":2461,"date":"2025-02-13T13:29:17","date_gmt":"2025-02-13T12:29:17","guid":{"rendered":"https:\/\/www.criadores.es\/producto\/criadores-tiras-de-frango-para-caes-2\/"},"modified":"2025-06-12T11:57:43","modified_gmt":"2025-06-12T09:57:43","slug":"criadores-tiras-de-frango-para-caes-2","status":"publish","type":"product","link":"https:\/\/dev.criadores.es\/pt-pt\/producto\/criadores-tiras-de-frango-para-caes-2\/","title":{"rendered":"Criadores Tiras de Frango para c\u00e3es"},"content":{"rendered":"<h2>Tiras de frango para c\u00e3es<\/h2>\n<p>As <strong>tiras de frango para c\u00e3es<\/strong> s\u00e3o um snack da Criadores que foi preparado com <strong>ingredientes naturais de alta qualidade<\/strong>, para oferecer ao seu animal de estima\u00e7\u00e3o um complemento alimentar nutritivo e saud\u00e1vel.<\/p>\n<p>S\u00e3o <strong>crocantes<\/strong> e t\u00eam um <strong>delicioso\u00a0sabor <\/strong> que o seu fiel companheiro vai adorar. S\u00e3o muito <strong>f\u00e1ceis de digerir e mastigar<\/strong>, processo pelo qual <strong>limpam mecanicamente os dentes e as gengivas<\/strong>, evitando a forma\u00e7\u00e3o de t\u00e1rtaro e placa bacteriana. Como s\u00e3o ricos em prote\u00ednas e com baixo teor de gordura, <strong>beneficiam a sa\u00fade da pele e do pelo<\/strong>, al\u00e9m de ajudarem a <strong>fortalecer o sistema imunit\u00e1rio<\/strong>. N\u00e3o cont\u00eam corantes artificiais.<\/p>\n<p>Pode oferec\u00ea-los ao seu c\u00e3o como um petisco entre as principais refei\u00e7\u00f5es ou como recompensa durante o treino. <strong>Lembre-se que n\u00e3o s\u00e3o um substituto da ra\u00e7\u00e3o<\/strong> e que o seu c\u00e3o deve ter sempre \u00e0 sua disposi\u00e7\u00e3o \u00e1gua limpa e fresca.<\/p>\n<p><em><strong>As tiras de frango da Criadores fornecem prote\u00ednas, vitaminas, minerais e energia para manter o seu c\u00e3o feliz e ativo.<\/strong><\/em><\/p>\n","protected":false},"excerpt":{"rendered":"<p>As tiras de frango para c\u00e3es, s\u00e3o estaladi\u00e7as e ajudam a limpar os dentes e as gengivas, s\u00e3o ricas em prote\u00ednas e possuem baixo teor de gordura, s\u00e3o ideais para oferecer como recompensa ou mimo entre as refei\u00e7\u00f5es principais e s\u00e3o f\u00e1ceis de digerir.<\/p>\n","protected":false},"featured_media":1907,"comment_status":"open","ping_status":"closed","template":"","meta":{"_acf_changed":false},"product_brand":[],"product_cat":[92,98,101],"product_tag":[],"class_list":{"0":"post-2461","1":"product","2":"type-product","3":"status-publish","4":"has-post-thumbnail","6":"product_cat-cao","7":"product_cat-original-pt-pt","8":"product_cat-snacks-pt-pt","10":"first","11":"instock","12":"shipping-taxable","13":"product-type-simple"},"acf":[],"_links":{"self":[{"href":"https:\/\/dev.criadores.es\/pt-pt\/wp-json\/wp\/v2\/product\/2461","targetHints":{"allow":["GET"]}}],"collection":[{"href":"https:\/\/dev.criadores.es\/pt-pt\/wp-json\/wp\/v2\/product"}],"about":[{"href":"https:\/\/dev.criadores.es\/pt-pt\/wp-json\/wp\/v2\/types\/product"}],"replies":[{"embeddable":true,"href":"https:\/\/dev.criadores.es\/pt-pt\/wp-json\/wp\/v2\/comments?post=2461"}],"wp:featuredmedia":[{"embeddable":true,"href":"https:\/\/dev.criadores.es\/pt-pt\/wp-json\/wp\/v2\/media\/1907"}],"wp:attachment":[{"href":"https:\/\/dev.criadores.es\/pt-pt\/wp-json\/wp\/v2\/media?parent=2461"}],"wp:term":[{"taxonomy":"product_brand","embeddable":true,"href":"https:\/\/dev.criadores.es\/pt-pt\/wp-json\/wp\/v2\/product_brand?post=2461"},{"taxonomy":"product_cat","embeddable":true,"href":"https:\/\/dev.criadores.es\/pt-pt\/wp-json\/wp\/v2\/product_cat?post=2461"},{"taxonomy":"product_tag","embeddable":true,"href":"https:\/\/dev.criadores.es\/pt-pt\/wp-json\/wp\/v2\/product_tag?post=2461"}],"curies":[{"name":"wp","href":"https:\/\/api.w.org\/{rel}","templated":true}]}}