{"id":2470,"date":"2025-02-13T13:15:11","date_gmt":"2025-02-13T12:15:11","guid":{"rendered":"https:\/\/www.criadores.es\/producto\/criadores-tiras-de-cordeiro-para-caes\/"},"modified":"2025-06-11T15:17:31","modified_gmt":"2025-06-11T13:17:31","slug":"criadores-tiras-de-cordeiro-para-caes","status":"publish","type":"product","link":"https:\/\/dev.criadores.es\/pt-pt\/producto\/criadores-tiras-de-cordeiro-para-caes\/","title":{"rendered":"Criadores Tiras de Cordeiro para c\u00e3es"},"content":{"rendered":"<h2>Snack de\u00a0tiras de cordeiro para c\u00e3es<\/h2>\n<p>A carne de cordeiro \u00e9 um alimento muito saud\u00e1vel que, sem d\u00favida, o seu animal de estima\u00e7\u00e3o vai adorar, pois tem um sabor intenso e uma textura muito atrativa. Na Criadores sabem-no e, por isso, decidiram criar um <strong>snack para c\u00e3es de todas as idades<\/strong> \u00e0 base deste tipo de prote\u00ednas.<\/p>\n<p>Trata-se de <strong>tiras de cordeiro<\/strong> para c\u00e3es, <strong>totalmente naturais<\/strong> e desidratadas para <strong>conservar o m\u00e1ximo de nutrientes<\/strong>. S\u00e3o muito <strong>f\u00e1ceis de mastigar e digerir, ricas em prote\u00ednas e com baixo teor de gordura<\/strong>. Tamb\u00e9m n\u00e3o cont\u00eam cereais ou corantes artificiais, reduzindo o risco de alergia ou intoler\u00e2ncia digestiva.<\/p>\n<p>T\u00eam o <strong>tamanho e a consist\u00eancia certos<\/strong> para manter o seu animal entretido enquanto mastiga, o que tamb\u00e9m ajuda a <strong>limpar naturalmente os dentes e as gengivas<\/strong> e ajuda a prevenir a <strong>forma\u00e7\u00e3o de t\u00e1rtaro e placa bacteriana<\/strong>.<\/p>\n<p>Este snack ajuda a <strong>fortalecer o sistema imunit\u00e1rio<\/strong> e <strong>melhora a sa\u00fade da pele e do pelo<\/strong>. Pode ser oferecido ao seu animal de estima\u00e7\u00e3o como um petisco entre as refei\u00e7\u00f5es principais ou durante as sess\u00f5es de treino. Lembre-se que estas guloseimas <strong>n\u00e3o substituem a ra\u00e7\u00e3o<\/strong> e que o seu c\u00e3o deve ter sempre \u00e0 sua disposi\u00e7\u00e3o \u00e1gua limpa e fresca.<\/p>\n<p>&nbsp;<\/p>\n<p><strong><em>O seu c\u00e3o vai ficar super feliz sempre que lhe oferecer uma destas tiras de cordeiro da Criadores!<\/em><\/strong><\/p>\n","protected":false},"excerpt":{"rendered":"<p>As tiras de borrego para c\u00e3es, ricas em prote\u00ednas e com baixo teor de gordura, refor\u00e7am o sistema imunit\u00e1rio e melhoram a sa\u00fade da pele e do pelo, limpam os dentes e as gengivas e s\u00e3o f\u00e1ceis de digerir.<\/p>\n","protected":false},"featured_media":1902,"comment_status":"open","ping_status":"closed","template":"","meta":{"_acf_changed":false},"product_brand":[],"product_cat":[92,98,101],"product_tag":[],"class_list":{"0":"post-2470","1":"product","2":"type-product","3":"status-publish","4":"has-post-thumbnail","6":"product_cat-cao","7":"product_cat-original-pt-pt","8":"product_cat-snacks-pt-pt","10":"first","11":"instock","12":"shipping-taxable","13":"product-type-simple"},"acf":[],"_links":{"self":[{"href":"https:\/\/dev.criadores.es\/pt-pt\/wp-json\/wp\/v2\/product\/2470","targetHints":{"allow":["GET"]}}],"collection":[{"href":"https:\/\/dev.criadores.es\/pt-pt\/wp-json\/wp\/v2\/product"}],"about":[{"href":"https:\/\/dev.criadores.es\/pt-pt\/wp-json\/wp\/v2\/types\/product"}],"replies":[{"embeddable":true,"href":"https:\/\/dev.criadores.es\/pt-pt\/wp-json\/wp\/v2\/comments?post=2470"}],"wp:featuredmedia":[{"embeddable":true,"href":"https:\/\/dev.criadores.es\/pt-pt\/wp-json\/wp\/v2\/media\/1902"}],"wp:attachment":[{"href":"https:\/\/dev.criadores.es\/pt-pt\/wp-json\/wp\/v2\/media?parent=2470"}],"wp:term":[{"taxonomy":"product_brand","embeddable":true,"href":"https:\/\/dev.criadores.es\/pt-pt\/wp-json\/wp\/v2\/product_brand?post=2470"},{"taxonomy":"product_cat","embeddable":true,"href":"https:\/\/dev.criadores.es\/pt-pt\/wp-json\/wp\/v2\/product_cat?post=2470"},{"taxonomy":"product_tag","embeddable":true,"href":"https:\/\/dev.criadores.es\/pt-pt\/wp-json\/wp\/v2\/product_tag?post=2470"}],"curies":[{"name":"wp","href":"https:\/\/api.w.org\/{rel}","templated":true}]}}