{"id":2473,"date":"2025-02-13T15:05:56","date_gmt":"2025-02-13T14:05:56","guid":{"rendered":"https:\/\/www.criadores.es\/producto\/criadores-tiras-de-pato-para-caes\/"},"modified":"2025-06-12T11:30:25","modified_gmt":"2025-06-12T09:30:25","slug":"criadores-tiras-de-pato-para-caes","status":"publish","type":"product","link":"https:\/\/dev.criadores.es\/pt-pt\/producto\/criadores-tiras-de-pato-para-caes\/","title":{"rendered":"Criadores Tiras de Pato para c\u00e3es"},"content":{"rendered":"<h2>Snack de tiras de pato para c\u00e3es<\/h2>\n<p>Se procura um <strong>snack delicioso e nutritivo<\/strong> para oferecer ao seu amigo peludo, estas <strong>tiras de pato para c\u00e3es<\/strong> da Criadores s\u00e3o uma \u00f3tima alternativa.<\/p>\n<p>S\u00e3o <strong>desidratadas<\/strong> e fornecem muita <strong>prote\u00edna natural com baixo teor de gordura, sem adi\u00e7\u00e3o de cereais, corantes ou a\u00e7\u00facares<\/strong>. S\u00e3o ideais para <strong>fortalecer o sistema imunit\u00e1rio<\/strong> do animal, s\u00e3o <strong>f\u00e1ceis de digerir<\/strong> e <strong>melhoram a sa\u00fade da pele<\/strong>, al\u00e9m de promoverem um <strong>pelo mais brilhante e forte<\/strong>.<\/p>\n<p>Mant\u00eam o seu animal entretido enquanto mastiga, o que tamb\u00e9m tem uma a\u00e7\u00e3o de <strong>limpeza mec\u00e2nica nos dentes e gengivas<\/strong>, para evitar o aparecimento de t\u00e1rtaro e placa bacteriana. Este snack para c\u00e3es \u00e9 recomendado se estiver \u00e0 procura de um alimento atrativo, mas que ao mesmo tempo n\u00e3o o fa\u00e7a ganhar peso.<\/p>\n<p>Pode oferecer ao seu fiel companheiro como recompensa entre as principais refei\u00e7\u00f5es ou durante as sess\u00f5es de treino. Lembre-se que estes snacks <strong>n\u00e3o substituem a ra\u00e7\u00e3o<\/strong> e que o seu c\u00e3o deve ter sempre \u00e0 sua disposi\u00e7\u00e3o \u00e1gua limpa e fresca.<\/p>\n<p>&nbsp;<\/p>\n<p><strong><em>As tiras de pato da Criadores s\u00e3o um petisco delicioso, nutritivo e funcional que o seu c\u00e3o vai adorar.<\/em><\/strong><\/p>\n","protected":false},"excerpt":{"rendered":"<p>As tiras de pato para c\u00e3es, feitas com ingredientes naturais, s\u00e3o uma fonte de prote\u00ednas e com baixo teor de gordura, refor\u00e7am o sistema imunit\u00e1rio e melhoram a sa\u00fade da pele e do pelo, limpam os dentes e as gengivas e mant\u00eam o seu animal de estima\u00e7\u00e3o entretido.<\/p>\n","protected":false},"featured_media":1921,"comment_status":"open","ping_status":"closed","template":"","meta":{"_acf_changed":false},"product_brand":[],"product_cat":[92,98,101],"product_tag":[],"class_list":{"0":"post-2473","1":"product","2":"type-product","3":"status-publish","4":"has-post-thumbnail","6":"product_cat-cao","7":"product_cat-original-pt-pt","8":"product_cat-snacks-pt-pt","10":"first","11":"instock","12":"shipping-taxable","13":"product-type-simple"},"acf":[],"_links":{"self":[{"href":"https:\/\/dev.criadores.es\/pt-pt\/wp-json\/wp\/v2\/product\/2473","targetHints":{"allow":["GET"]}}],"collection":[{"href":"https:\/\/dev.criadores.es\/pt-pt\/wp-json\/wp\/v2\/product"}],"about":[{"href":"https:\/\/dev.criadores.es\/pt-pt\/wp-json\/wp\/v2\/types\/product"}],"replies":[{"embeddable":true,"href":"https:\/\/dev.criadores.es\/pt-pt\/wp-json\/wp\/v2\/comments?post=2473"}],"wp:featuredmedia":[{"embeddable":true,"href":"https:\/\/dev.criadores.es\/pt-pt\/wp-json\/wp\/v2\/media\/1921"}],"wp:attachment":[{"href":"https:\/\/dev.criadores.es\/pt-pt\/wp-json\/wp\/v2\/media?parent=2473"}],"wp:term":[{"taxonomy":"product_brand","embeddable":true,"href":"https:\/\/dev.criadores.es\/pt-pt\/wp-json\/wp\/v2\/product_brand?post=2473"},{"taxonomy":"product_cat","embeddable":true,"href":"https:\/\/dev.criadores.es\/pt-pt\/wp-json\/wp\/v2\/product_cat?post=2473"},{"taxonomy":"product_tag","embeddable":true,"href":"https:\/\/dev.criadores.es\/pt-pt\/wp-json\/wp\/v2\/product_tag?post=2473"}],"curies":[{"name":"wp","href":"https:\/\/api.w.org\/{rel}","templated":true}]}}